{"id":129,"date":"2018-10-25T12:48:35","date_gmt":"2018-10-25T10:48:35","guid":{"rendered":"https:\/\/harmoniasziget.com\/en\/?page_id=129"},"modified":"2025-10-06T09:31:14","modified_gmt":"2025-10-06T07:31:14","slug":"about-me","status":"publish","type":"page","link":"https:\/\/harmoniasziget.com\/en\/about-me\/","title":{"rendered":"About Me"},"content":{"rendered":"\t\t<div data-elementor-type=\"wp-post\" data-elementor-id=\"129\" class=\"elementor elementor-129\" data-elementor-settings=\"[]\">\n\t\t\t\t\t\t<div class=\"elementor-inner\">\n\t\t\t\t\t\t\t<div class=\"elementor-section-wrap\">\n\t\t\t\t\t\t\t<section class=\"elementor-section elementor-top-section elementor-element elementor-element-688e83 elementor-section-boxed elementor-section-height-default elementor-section-height-default\" data-id=\"688e83\" data-element_type=\"section\" data-settings=\"{&quot;background_background&quot;:&quot;classic&quot;}\">\n\t\t\t\t\t\t\t<div class=\"elementor-background-overlay\"><\/div>\n\t\t\t\t\t\t\t<div class=\"elementor-container elementor-column-gap-default\">\n\t\t\t\t\t\t\t<div class=\"elementor-row\">\n\t\t\t\t\t<div class=\"elementor-column elementor-col-100 elementor-top-column elementor-element elementor-element-2e7ab1c2\" data-id=\"2e7ab1c2\" data-element_type=\"column\">\n\t\t\t<div class=\"elementor-column-wrap elementor-element-populated\">\n\t\t\t\t\t\t\t<div class=\"elementor-widget-wrap\">\n\t\t\t\t\t\t<div class=\"elementor-element elementor-element-6480cea2 elementor-widget elementor-widget-heading\" data-id=\"6480cea2\" data-element_type=\"widget\" data-widget_type=\"heading.default\">\n\t\t\t\t<div class=\"elementor-widget-container\">\n\t\t\t<h1 class=\"elementor-heading-title elementor-size-default\">About Me<\/h1>\t\t<\/div>\n\t\t\t\t<\/div>\n\t\t\t\t\t\t<\/div>\n\t\t\t\t\t<\/div>\n\t\t<\/div>\n\t\t\t\t\t\t\t\t<\/div>\n\t\t\t\t\t<\/div>\n\t\t<\/section>\n\t\t\t\t<section class=\"elementor-section elementor-top-section elementor-element elementor-element-4a467756 elementor-reverse-mobile elementor-section-boxed elementor-section-height-default elementor-section-height-default\" data-id=\"4a467756\" data-element_type=\"section\" data-settings=\"{&quot;background_background&quot;:&quot;classic&quot;}\">\n\t\t\t\t\t\t<div class=\"elementor-container elementor-column-gap-default\">\n\t\t\t\t\t\t\t<div class=\"elementor-row\">\n\t\t\t\t\t<div class=\"elementor-column elementor-col-50 elementor-top-column elementor-element elementor-element-3ebcd3c5\" data-id=\"3ebcd3c5\" data-element_type=\"column\">\n\t\t\t<div class=\"elementor-column-wrap elementor-element-populated\">\n\t\t\t\t\t\t\t<div class=\"elementor-widget-wrap\">\n\t\t\t\t\t\t<div class=\"elementor-element elementor-element-2d4aedd4 elementor-widget elementor-widget-heading\" data-id=\"2d4aedd4\" data-element_type=\"widget\" data-widget_type=\"heading.default\">\n\t\t\t\t<div class=\"elementor-widget-container\">\n\t\t\t<h2 class=\"elementor-heading-title elementor-size-default\">Gabriella N\u00e9meth<\/h2>\t\t<\/div>\n\t\t\t\t<\/div>\n\t\t\t\t<div class=\"elementor-element elementor-element-3a5889e9 elementor-widget elementor-widget-text-editor\" data-id=\"3a5889e9\" data-element_type=\"widget\" data-widget_type=\"text-editor.default\">\n\t\t\t\t<div class=\"elementor-widget-container\">\n\t\t\t\t\t<div class=\"elementor-text-editor elementor-clearfix\"><p>I studied at the University of Economics and I worked on this field for quite many years. I live with my husband for 30 years now and we have two grown up sons. The challenges of my own life started me off on the road of self-awareness in 2001. I studied kinesiology, astrology, NLP, until I found Heart Shine Healing in 2011, which turned mine and my family\u2019s life around. Heart Shine for me is a life philosophy, which brings joy into my life every day and with its support I can find the solutions to the challenges that occur in my life. I will always be grateful to Erika Bartha for this technique.<\/p>\n<p>I believe that in our lives a lot depends on us women finding the beauty of existence to fulfil our wide range of tasks with joy. Apart from the Heart Shine treatments, I hold courses for women, where we talk about our duties, difficulties; we support each other in developing our strong aspects and accepting our weaknesses. To enhance this, I completed the Dula course of the Sarasvati Foundation in 2018.<\/p><\/div>\n\t\t\t\t<\/div>\n\t\t\t\t<\/div>\n\t\t\t\t<div class=\"elementor-element elementor-element-116514bb elementor-widget elementor-widget-heading\" data-id=\"116514bb\" data-element_type=\"widget\" data-widget_type=\"heading.default\">\n\t\t\t\t<div class=\"elementor-widget-container\">\n\t\t\t<h2 class=\"elementor-heading-title elementor-size-default\">\u201eIf we create order in ourselves, we find solution in our most difficult situations.\u201d<br><br>\nP\u00e9ter Popper\n<\/h2>\t\t<\/div>\n\t\t\t\t<\/div>\n\t\t\t\t\t\t<\/div>\n\t\t\t\t\t<\/div>\n\t\t<\/div>\n\t\t\t\t<div class=\"elementor-column elementor-col-50 elementor-top-column elementor-element elementor-element-42b1ef33\" data-id=\"42b1ef33\" data-element_type=\"column\">\n\t\t\t<div class=\"elementor-column-wrap elementor-element-populated\">\n\t\t\t\t\t\t\t<div class=\"elementor-widget-wrap\">\n\t\t\t\t\t\t<div class=\"elementor-element elementor-element-79922732 elementor-widget elementor-widget-image\" data-id=\"79922732\" data-element_type=\"widget\" data-widget_type=\"image.default\">\n\t\t\t\t<div class=\"elementor-widget-container\">\n\t\t\t\t\t<div class=\"elementor-image\">\n\t\t\t\t\t\t\t\t\t\t<img width=\"680\" height=\"1024\" src=\"https:\/\/harmoniasziget.com\/en\/wp-content\/uploads\/2025\/10\/Gabriella_2-680x1024.jpg\" class=\"attachment-large size-large\" alt=\"\" loading=\"lazy\" srcset=\"https:\/\/harmoniasziget.com\/en\/wp-content\/uploads\/2025\/10\/Gabriella_2-680x1024.jpg 680w, https:\/\/harmoniasziget.com\/en\/wp-content\/uploads\/2025\/10\/Gabriella_2-199x300.jpg 199w, https:\/\/harmoniasziget.com\/en\/wp-content\/uploads\/2025\/10\/Gabriella_2-768x1157.jpg 768w, https:\/\/harmoniasziget.com\/en\/wp-content\/uploads\/2025\/10\/Gabriella_2-1020x1536.jpg 1020w, https:\/\/harmoniasziget.com\/en\/wp-content\/uploads\/2025\/10\/Gabriella_2.jpg 1218w\" sizes=\"(max-width: 680px) 100vw, 680px\" \/>\t\t\t\t\t\t\t\t\t\t\t<\/div>\n\t\t\t\t<\/div>\n\t\t\t\t<\/div>\n\t\t\t\t\t\t<\/div>\n\t\t\t\t\t<\/div>\n\t\t<\/div>\n\t\t\t\t\t\t\t\t<\/div>\n\t\t\t\t\t<\/div>\n\t\t<\/section>\n\t\t\t\t<section class=\"elementor-section elementor-top-section elementor-element elementor-element-44bf0065 elementor-section-height-min-height elementor-section-boxed elementor-section-height-default elementor-section-items-middle\" data-id=\"44bf0065\" data-element_type=\"section\" data-settings=\"{&quot;background_background&quot;:&quot;classic&quot;,&quot;shape_divider_top&quot;:&quot;mountains&quot;,&quot;shape_divider_bottom&quot;:&quot;mountains&quot;}\">\n\t\t\t\t\t<div class=\"elementor-shape elementor-shape-top\" data-negative=\"false\">\n\t\t\t<svg xmlns=\"http:\/\/www.w3.org\/2000\/svg\" viewBox=\"0 0 1000 100\" preserveAspectRatio=\"none\">\n\t<path class=\"elementor-shape-fill\" opacity=\"0.33\" d=\"M473,67.3c-203.9,88.3-263.1-34-320.3,0C66,119.1,0,59.7,0,59.7V0h1000v59.7 c0,0-62.1,26.1-94.9,29.3c-32.8,3.3-62.8-12.3-75.8-22.1C806,49.6,745.3,8.7,694.9,4.7S492.4,59,473,67.3z\"\/>\n\t<path class=\"elementor-shape-fill\" opacity=\"0.66\" d=\"M734,67.3c-45.5,0-77.2-23.2-129.1-39.1c-28.6-8.7-150.3-10.1-254,39.1 s-91.7-34.4-149.2,0C115.7,118.3,0,39.8,0,39.8V0h1000v36.5c0,0-28.2-18.5-92.1-18.5C810.2,18.1,775.7,67.3,734,67.3z\"\/>\n\t<path class=\"elementor-shape-fill\" d=\"M766.1,28.9c-200-57.5-266,65.5-395.1,19.5C242,1.8,242,5.4,184.8,20.6C128,35.8,132.3,44.9,89.9,52.5C28.6,63.7,0,0,0,0 h1000c0,0-9.9,40.9-83.6,48.1S829.6,47,766.1,28.9z\"\/>\n<\/svg>\t\t<\/div>\n\t\t\t\t<div class=\"elementor-shape elementor-shape-bottom\" data-negative=\"false\">\n\t\t\t<svg xmlns=\"http:\/\/www.w3.org\/2000\/svg\" viewBox=\"0 0 1000 100\" preserveAspectRatio=\"none\">\n\t<path class=\"elementor-shape-fill\" opacity=\"0.33\" d=\"M473,67.3c-203.9,88.3-263.1-34-320.3,0C66,119.1,0,59.7,0,59.7V0h1000v59.7 c0,0-62.1,26.1-94.9,29.3c-32.8,3.3-62.8-12.3-75.8-22.1C806,49.6,745.3,8.7,694.9,4.7S492.4,59,473,67.3z\"\/>\n\t<path class=\"elementor-shape-fill\" opacity=\"0.66\" d=\"M734,67.3c-45.5,0-77.2-23.2-129.1-39.1c-28.6-8.7-150.3-10.1-254,39.1 s-91.7-34.4-149.2,0C115.7,118.3,0,39.8,0,39.8V0h1000v36.5c0,0-28.2-18.5-92.1-18.5C810.2,18.1,775.7,67.3,734,67.3z\"\/>\n\t<path class=\"elementor-shape-fill\" d=\"M766.1,28.9c-200-57.5-266,65.5-395.1,19.5C242,1.8,242,5.4,184.8,20.6C128,35.8,132.3,44.9,89.9,52.5C28.6,63.7,0,0,0,0 h1000c0,0-9.9,40.9-83.6,48.1S829.6,47,766.1,28.9z\"\/>\n<\/svg>\t\t<\/div>\n\t\t\t\t\t<div class=\"elementor-container elementor-column-gap-default\">\n\t\t\t\t\t\t\t<div class=\"elementor-row\">\n\t\t\t\t\t<div class=\"elementor-column elementor-col-100 elementor-top-column elementor-element elementor-element-1dc2c25\" data-id=\"1dc2c25\" data-element_type=\"column\">\n\t\t\t<div class=\"elementor-column-wrap\">\n\t\t\t\t\t\t\t<div class=\"elementor-widget-wrap\">\n\t\t\t\t\t\t\t\t<\/div>\n\t\t\t\t\t<\/div>\n\t\t<\/div>\n\t\t\t\t\t\t\t\t<\/div>\n\t\t\t\t\t<\/div>\n\t\t<\/section>\n\t\t\t\t<section class=\"elementor-section elementor-top-section elementor-element elementor-element-73c433d9 elementor-section-boxed elementor-section-height-default elementor-section-height-default\" data-id=\"73c433d9\" data-element_type=\"section\" data-settings=\"{&quot;background_background&quot;:&quot;classic&quot;}\">\n\t\t\t\t\t\t\t<div class=\"elementor-background-overlay\"><\/div>\n\t\t\t\t\t\t\t<div class=\"elementor-container elementor-column-gap-default\">\n\t\t\t\t\t\t\t<div class=\"elementor-row\">\n\t\t\t\t\t<div class=\"elementor-column elementor-col-100 elementor-top-column elementor-element elementor-element-55ae21a3\" data-id=\"55ae21a3\" data-element_type=\"column\">\n\t\t\t<div class=\"elementor-column-wrap elementor-element-populated\">\n\t\t\t\t\t\t\t<div class=\"elementor-widget-wrap\">\n\t\t\t\t\t\t<div class=\"elementor-element elementor-element-6ad656ee elementor-widget elementor-widget-heading\" data-id=\"6ad656ee\" data-element_type=\"widget\" data-widget_type=\"heading.default\">\n\t\t\t\t<div class=\"elementor-widget-container\">\n\t\t\t<h2 class=\"elementor-heading-title elementor-size-default\">Looking forward to meet You!<\/h2>\t\t<\/div>\n\t\t\t\t<\/div>\n\t\t\t\t<div class=\"elementor-element elementor-element-683ea917 elementor-widget elementor-widget-text-editor\" data-id=\"683ea917\" data-element_type=\"widget\" data-widget_type=\"text-editor.default\">\n\t\t\t\t<div class=\"elementor-widget-container\">\n\t\t\t\t\t<div class=\"elementor-text-editor elementor-clearfix\">In our therapy room we provide pampering healing treatments that help you find inner piece, balance, the opportunity to recharge and rejuvenate in the rush of your everyday life. We support you in unfolding the cause for blocks and difficulties in your life and help to release them, allowing you to live a content and more harmonious life.<\/div>\n\t\t\t\t<\/div>\n\t\t\t\t<\/div>\n\t\t\t\t<div class=\"elementor-element elementor-element-73deb0c3 elementor-align-center elementor-widget elementor-widget-button\" data-id=\"73deb0c3\" data-element_type=\"widget\" data-widget_type=\"button.default\">\n\t\t\t\t<div class=\"elementor-widget-container\">\n\t\t\t\t\t<div class=\"elementor-button-wrapper\">\n\t\t\t<a href=\"\/en\/contact\/#signup\" class=\"elementor-button-link elementor-button elementor-size-sm elementor-animation-grow\" role=\"button\">\n\t\t\t\t\t\t<span class=\"elementor-button-content-wrapper\">\n\t\t\t\t\t\t<span class=\"elementor-button-text\">Book Now!<\/span>\n\t\t<\/span>\n\t\t\t\t\t<\/a>\n\t\t<\/div>\n\t\t\t\t<\/div>\n\t\t\t\t<\/div>\n\t\t\t\t\t\t<\/div>\n\t\t\t\t\t<\/div>\n\t\t<\/div>\n\t\t\t\t\t\t\t\t<\/div>\n\t\t\t\t\t<\/div>\n\t\t<\/section>\n\t\t\t\t\t\t<\/div>\n\t\t\t\t\t\t<\/div>\n\t\t\t\t\t<\/div>\n\t\t","protected":false},"excerpt":{"rendered":"<p>About Me Gabriella N\u00e9meth I studied at the University of Economics and I worked on this field for quite many years. I live with my husband for 30 years now and we have two grown up sons. The challenges of my own life started me off on the road of self-awareness in 2001. I studied &hellip;<\/p>\n<p class=\"read-more\"> <a class=\"\" href=\"https:\/\/harmoniasziget.com\/en\/about-me\/\"> <span class=\"screen-reader-text\">About Me<\/span> Read More &raquo;<\/a><\/p>\n","protected":false},"author":1,"featured_media":0,"parent":0,"menu_order":0,"comment_status":"closed","ping_status":"closed","template":"elementor_header_footer","meta":[],"yoast_head":"<!-- This site is optimized with the Yoast SEO plugin v16.0.2 - https:\/\/yoast.com\/wordpress\/plugins\/seo\/ -->\n<title>About Me - Harmony Island<\/title>\n<link rel=\"canonical\" href=\"https:\/\/harmoniasziget.com\/en\/about-me\/\" \/>\n<meta property=\"og:locale\" content=\"hu_HU\" \/>\n<meta property=\"og:type\" content=\"article\" \/>\n<meta property=\"og:title\" content=\"About Me - Harmony Island\" \/>\n<meta property=\"og:description\" content=\"About Me Gabriella N\u00e9meth I studied at the University of Economics and I worked on this field for quite many years. I live with my husband for 30 years now and we have two grown up sons. The challenges of my own life started me off on the road of self-awareness in 2001. I studied &hellip; About Me Read More &raquo;\" \/>\n<meta property=\"og:url\" content=\"https:\/\/harmoniasziget.com\/en\/about-me\/\" \/>\n<meta property=\"og:site_name\" content=\"Harmony Island\" \/>\n<meta property=\"article:modified_time\" content=\"2025-10-06T07:31:14+00:00\" \/>\n<meta property=\"og:image\" content=\"https:\/\/harmoniasziget.com\/en\/wp-content\/uploads\/2025\/10\/Gabriella_2-680x1024.jpg\" \/>\n<meta name=\"twitter:card\" content=\"summary_large_image\" \/>\n<meta name=\"twitter:label1\" content=\"Becs\u00fclt olvas\u00e1si id\u0151\">\n\t<meta name=\"twitter:data1\" content=\"2 perc\">\n<script type=\"application\/ld+json\" class=\"yoast-schema-graph\">{\"@context\":\"https:\/\/schema.org\",\"@graph\":[{\"@type\":\"WebSite\",\"@id\":\"https:\/\/harmoniasziget.com\/en\/#website\",\"url\":\"https:\/\/harmoniasziget.com\/en\/\",\"name\":\"Harmony Island\",\"description\":\"\",\"potentialAction\":[{\"@type\":\"SearchAction\",\"target\":\"https:\/\/harmoniasziget.com\/en\/?s={search_term_string}\",\"query-input\":\"required name=search_term_string\"}],\"inLanguage\":\"hu\"},{\"@type\":\"ImageObject\",\"@id\":\"https:\/\/harmoniasziget.com\/en\/about-me\/#primaryimage\",\"inLanguage\":\"hu\",\"url\":\"https:\/\/harmoniasziget.com\/en\/wp-content\/uploads\/2025\/10\/Gabriella_2.jpg\",\"width\":1218,\"height\":1835},{\"@type\":\"WebPage\",\"@id\":\"https:\/\/harmoniasziget.com\/en\/about-me\/#webpage\",\"url\":\"https:\/\/harmoniasziget.com\/en\/about-me\/\",\"name\":\"About Me - Harmony Island\",\"isPartOf\":{\"@id\":\"https:\/\/harmoniasziget.com\/en\/#website\"},\"primaryImageOfPage\":{\"@id\":\"https:\/\/harmoniasziget.com\/en\/about-me\/#primaryimage\"},\"datePublished\":\"2018-10-25T10:48:35+00:00\",\"dateModified\":\"2025-10-06T07:31:14+00:00\",\"breadcrumb\":{\"@id\":\"https:\/\/harmoniasziget.com\/en\/about-me\/#breadcrumb\"},\"inLanguage\":\"hu\",\"potentialAction\":[{\"@type\":\"ReadAction\",\"target\":[\"https:\/\/harmoniasziget.com\/en\/about-me\/\"]}]},{\"@type\":\"BreadcrumbList\",\"@id\":\"https:\/\/harmoniasziget.com\/en\/about-me\/#breadcrumb\",\"itemListElement\":[{\"@type\":\"ListItem\",\"position\":1,\"item\":{\"@type\":\"WebPage\",\"@id\":\"https:\/\/harmoniasziget.com\/en\/\",\"url\":\"https:\/\/harmoniasziget.com\/en\/\",\"name\":\"Home\"}},{\"@type\":\"ListItem\",\"position\":2,\"item\":{\"@type\":\"WebPage\",\"@id\":\"https:\/\/harmoniasziget.com\/en\/about-me\/\",\"url\":\"https:\/\/harmoniasziget.com\/en\/about-me\/\",\"name\":\"About Me\"}}]}]}<\/script>\n<!-- \/ Yoast SEO plugin. -->","_links":{"self":[{"href":"https:\/\/harmoniasziget.com\/en\/wp-json\/wp\/v2\/pages\/129"}],"collection":[{"href":"https:\/\/harmoniasziget.com\/en\/wp-json\/wp\/v2\/pages"}],"about":[{"href":"https:\/\/harmoniasziget.com\/en\/wp-json\/wp\/v2\/types\/page"}],"author":[{"embeddable":true,"href":"https:\/\/harmoniasziget.com\/en\/wp-json\/wp\/v2\/users\/1"}],"replies":[{"embeddable":true,"href":"https:\/\/harmoniasziget.com\/en\/wp-json\/wp\/v2\/comments?post=129"}],"version-history":[{"count":50,"href":"https:\/\/harmoniasziget.com\/en\/wp-json\/wp\/v2\/pages\/129\/revisions"}],"predecessor-version":[{"id":759,"href":"https:\/\/harmoniasziget.com\/en\/wp-json\/wp\/v2\/pages\/129\/revisions\/759"}],"wp:attachment":[{"href":"https:\/\/harmoniasziget.com\/en\/wp-json\/wp\/v2\/media?parent=129"}],"curies":[{"name":"wp","href":"https:\/\/api.w.org\/{rel}","templated":true}]}}