{"id":120,"date":"2018-10-25T12:46:43","date_gmt":"2018-10-25T10:46:43","guid":{"rendered":"https:\/\/harmoniasziget.com\/en\/?page_id=120"},"modified":"2023-03-02T09:51:42","modified_gmt":"2023-03-02T07:51:42","slug":"impressum","status":"publish","type":"page","link":"https:\/\/harmoniasziget.com\/en\/impressum\/","title":{"rendered":"Impressum"},"content":{"rendered":"\t\t<div data-elementor-type=\"wp-post\" data-elementor-id=\"120\" class=\"elementor elementor-120\" data-elementor-settings=\"[]\">\n\t\t\t\t\t\t<div class=\"elementor-inner\">\n\t\t\t\t\t\t\t<div class=\"elementor-section-wrap\">\n\t\t\t\t\t\t\t<section class=\"elementor-section elementor-top-section elementor-element elementor-element-ceb7764 elementor-section-boxed elementor-section-height-default elementor-section-height-default\" data-id=\"ceb7764\" data-element_type=\"section\" data-settings=\"{&quot;background_background&quot;:&quot;classic&quot;}\">\n\t\t\t\t\t\t\t<div class=\"elementor-background-overlay\"><\/div>\n\t\t\t\t\t\t\t<div class=\"elementor-container elementor-column-gap-default\">\n\t\t\t\t\t\t\t<div class=\"elementor-row\">\n\t\t\t\t\t<div class=\"elementor-column elementor-col-100 elementor-top-column elementor-element elementor-element-c358d61\" data-id=\"c358d61\" data-element_type=\"column\">\n\t\t\t<div class=\"elementor-column-wrap elementor-element-populated\">\n\t\t\t\t\t\t\t<div class=\"elementor-widget-wrap\">\n\t\t\t\t\t\t<div class=\"elementor-element elementor-element-cd37829 elementor-widget elementor-widget-heading\" data-id=\"cd37829\" data-element_type=\"widget\" data-widget_type=\"heading.default\">\n\t\t\t\t<div class=\"elementor-widget-container\">\n\t\t\t<h1 class=\"elementor-heading-title elementor-size-default\">Impressum<\/h1>\t\t<\/div>\n\t\t\t\t<\/div>\n\t\t\t\t\t\t<\/div>\n\t\t\t\t\t<\/div>\n\t\t<\/div>\n\t\t\t\t\t\t\t\t<\/div>\n\t\t\t\t\t<\/div>\n\t\t<\/section>\n\t\t\t\t<section class=\"elementor-section elementor-top-section elementor-element elementor-element-5cc0e511 elementor-section-boxed elementor-section-height-default elementor-section-height-default\" data-id=\"5cc0e511\" data-element_type=\"section\">\n\t\t\t\t\t\t<div class=\"elementor-container elementor-column-gap-default\">\n\t\t\t\t\t\t\t<div class=\"elementor-row\">\n\t\t\t\t\t<div class=\"elementor-column elementor-col-50 elementor-top-column elementor-element elementor-element-4c713435\" data-id=\"4c713435\" data-element_type=\"column\">\n\t\t\t<div class=\"elementor-column-wrap elementor-element-populated\">\n\t\t\t\t\t\t\t<div class=\"elementor-widget-wrap\">\n\t\t\t\t\t\t<div class=\"elementor-element elementor-element-541407d0 elementor-widget elementor-widget-heading\" data-id=\"541407d0\" data-element_type=\"widget\" data-widget_type=\"heading.default\">\n\t\t\t\t<div class=\"elementor-widget-container\">\n\t\t\t<h2 class=\"elementor-heading-title elementor-size-default\">This website owned and operated by:<\/h2>\t\t<\/div>\n\t\t\t\t<\/div>\n\t\t\t\t<div class=\"elementor-element elementor-element-48f904bd elementor-widget elementor-widget-text-editor\" data-id=\"48f904bd\" data-element_type=\"widget\" data-widget_type=\"text-editor.default\">\n\t\t\t\t<div class=\"elementor-widget-container\">\n\t\t\t\t\t<div class=\"elementor-text-editor elementor-clearfix\"><p><strong>Gabriella N\u00e9meth<br \/>Se<\/strong><strong>ated:<\/strong>\u00a0 1026 Budapest,\u00a0 Endr\u0151di S\u00e1ndor utca 37.<br \/><strong>TAX number: <\/strong><br \/><strong>Contact person: <\/strong>Gabriella N\u00e9meth<strong><br \/>Mobile:<\/strong>\u00a0 <br \/><strong>E-Mail:<\/strong> nmgza6@gmail.com<\/p><\/div>\n\t\t\t\t<\/div>\n\t\t\t\t<\/div>\n\t\t\t\t\t\t<\/div>\n\t\t\t\t\t<\/div>\n\t\t<\/div>\n\t\t\t\t<div class=\"elementor-column elementor-col-50 elementor-top-column elementor-element elementor-element-553986a0\" data-id=\"553986a0\" data-element_type=\"column\">\n\t\t\t<div class=\"elementor-column-wrap elementor-element-populated\">\n\t\t\t\t\t\t\t<div class=\"elementor-widget-wrap\">\n\t\t\t\t\t\t<div class=\"elementor-element elementor-element-40f2e202 elementor-widget elementor-widget-heading\" data-id=\"40f2e202\" data-element_type=\"widget\" data-widget_type=\"heading.default\">\n\t\t\t\t<div class=\"elementor-widget-container\">\n\t\t\t<h2 class=\"elementor-heading-title elementor-size-default\">Server hosting service provider:<\/h2>\t\t<\/div>\n\t\t\t\t<\/div>\n\t\t\t\t<div class=\"elementor-element elementor-element-e08220 elementor-widget elementor-widget-text-editor\" data-id=\"e08220\" data-element_type=\"widget\" data-widget_type=\"text-editor.default\">\n\t\t\t\t<div class=\"elementor-widget-container\">\n\t\t\t\t\t<div class=\"elementor-text-editor elementor-clearfix\"><p><strong>T\u00e1rhely.eu Szolg\u00e1ltat\u00f3 Kft.<\/strong><br \/><strong>Seated:<\/strong> 1144 Budapest, Orm\u00e1ns\u00e1g u. 4.<br \/><strong>TAX Number:<\/strong> 14571332-2-42<br \/><strong>Company Registration Number:<\/strong> 01-09-909968<br \/><strong>Postal Address:<\/strong> 1538 Budapest, Pf.: 510.<br \/><strong>Telephone:<\/strong>+36 1 789 2 789<br \/><strong>Mail:<\/strong> info@tarhely.eu<br \/><strong>Web:<\/strong> www.tarhely.eu<\/p><\/div>\n\t\t\t\t<\/div>\n\t\t\t\t<\/div>\n\t\t\t\t\t\t<\/div>\n\t\t\t\t\t<\/div>\n\t\t<\/div>\n\t\t\t\t\t\t\t\t<\/div>\n\t\t\t\t\t<\/div>\n\t\t<\/section>\n\t\t\t\t\t\t<\/div>\n\t\t\t\t\t\t<\/div>\n\t\t\t\t\t<\/div>\n\t\t","protected":false},"excerpt":{"rendered":"<p>Impressum This website owned and operated by: Gabriella N\u00e9methSeated:\u00a0 1026 Budapest,\u00a0 Endr\u0151di S\u00e1ndor utca 37.TAX number: Contact person: Gabriella N\u00e9methMobile:\u00a0 E-Mail: nmgza6@gmail.com Server hosting service provider: T\u00e1rhely.eu Szolg\u00e1ltat\u00f3 Kft.Seated: 1144 Budapest, Orm\u00e1ns\u00e1g u. 4.TAX Number: 14571332-2-42Company Registration Number: 01-09-909968Postal Address: 1538 Budapest, Pf.: 510.Telephone:+36 1 789 2 789Mail: info@tarhely.euWeb: www.tarhely.eu<\/p>\n","protected":false},"author":1,"featured_media":0,"parent":0,"menu_order":0,"comment_status":"closed","ping_status":"closed","template":"elementor_header_footer","meta":[],"yoast_head":"<!-- This site is optimized with the Yoast SEO plugin v16.0.2 - https:\/\/yoast.com\/wordpress\/plugins\/seo\/ -->\n<title>Impressum - Harmony Island<\/title>\n<link rel=\"canonical\" href=\"https:\/\/harmoniasziget.com\/en\/impressum\/\" \/>\n<meta property=\"og:locale\" content=\"hu_HU\" \/>\n<meta property=\"og:type\" content=\"article\" \/>\n<meta property=\"og:title\" content=\"Impressum - Harmony Island\" \/>\n<meta property=\"og:description\" content=\"Impressum This website owned and operated by: Gabriella N\u00e9methSeated:\u00a0 1026 Budapest,\u00a0 Endr\u0151di S\u00e1ndor utca 37.TAX number: Contact person: Gabriella N\u00e9methMobile:\u00a0 E-Mail: nmgza6@gmail.com Server hosting service provider: T\u00e1rhely.eu Szolg\u00e1ltat\u00f3 Kft.Seated: 1144 Budapest, Orm\u00e1ns\u00e1g u. 4.TAX Number: 14571332-2-42Company Registration Number: 01-09-909968Postal Address: 1538 Budapest, Pf.: 510.Telephone:+36 1 789 2 789Mail: info@tarhely.euWeb: www.tarhely.eu\" \/>\n<meta property=\"og:url\" content=\"https:\/\/harmoniasziget.com\/en\/impressum\/\" \/>\n<meta property=\"og:site_name\" content=\"Harmony Island\" \/>\n<meta property=\"article:modified_time\" content=\"2023-03-02T07:51:42+00:00\" \/>\n<meta name=\"twitter:card\" content=\"summary_large_image\" \/>\n<meta name=\"twitter:label1\" content=\"Becs\u00fclt olvas\u00e1si id\u0151\">\n\t<meta name=\"twitter:data1\" content=\"1 perc\">\n<script type=\"application\/ld+json\" class=\"yoast-schema-graph\">{\"@context\":\"https:\/\/schema.org\",\"@graph\":[{\"@type\":\"WebSite\",\"@id\":\"https:\/\/harmoniasziget.com\/en\/#website\",\"url\":\"https:\/\/harmoniasziget.com\/en\/\",\"name\":\"Harmony Island\",\"description\":\"\",\"potentialAction\":[{\"@type\":\"SearchAction\",\"target\":\"https:\/\/harmoniasziget.com\/en\/?s={search_term_string}\",\"query-input\":\"required name=search_term_string\"}],\"inLanguage\":\"hu\"},{\"@type\":\"WebPage\",\"@id\":\"https:\/\/harmoniasziget.com\/en\/impressum\/#webpage\",\"url\":\"https:\/\/harmoniasziget.com\/en\/impressum\/\",\"name\":\"Impressum - Harmony Island\",\"isPartOf\":{\"@id\":\"https:\/\/harmoniasziget.com\/en\/#website\"},\"datePublished\":\"2018-10-25T10:46:43+00:00\",\"dateModified\":\"2023-03-02T07:51:42+00:00\",\"breadcrumb\":{\"@id\":\"https:\/\/harmoniasziget.com\/en\/impressum\/#breadcrumb\"},\"inLanguage\":\"hu\",\"potentialAction\":[{\"@type\":\"ReadAction\",\"target\":[\"https:\/\/harmoniasziget.com\/en\/impressum\/\"]}]},{\"@type\":\"BreadcrumbList\",\"@id\":\"https:\/\/harmoniasziget.com\/en\/impressum\/#breadcrumb\",\"itemListElement\":[{\"@type\":\"ListItem\",\"position\":1,\"item\":{\"@type\":\"WebPage\",\"@id\":\"https:\/\/harmoniasziget.com\/en\/\",\"url\":\"https:\/\/harmoniasziget.com\/en\/\",\"name\":\"Home\"}},{\"@type\":\"ListItem\",\"position\":2,\"item\":{\"@type\":\"WebPage\",\"@id\":\"https:\/\/harmoniasziget.com\/en\/impressum\/\",\"url\":\"https:\/\/harmoniasziget.com\/en\/impressum\/\",\"name\":\"Impressum\"}}]}]}<\/script>\n<!-- \/ Yoast SEO plugin. -->","_links":{"self":[{"href":"https:\/\/harmoniasziget.com\/en\/wp-json\/wp\/v2\/pages\/120"}],"collection":[{"href":"https:\/\/harmoniasziget.com\/en\/wp-json\/wp\/v2\/pages"}],"about":[{"href":"https:\/\/harmoniasziget.com\/en\/wp-json\/wp\/v2\/types\/page"}],"author":[{"embeddable":true,"href":"https:\/\/harmoniasziget.com\/en\/wp-json\/wp\/v2\/users\/1"}],"replies":[{"embeddable":true,"href":"https:\/\/harmoniasziget.com\/en\/wp-json\/wp\/v2\/comments?post=120"}],"version-history":[{"count":23,"href":"https:\/\/harmoniasziget.com\/en\/wp-json\/wp\/v2\/pages\/120\/revisions"}],"predecessor-version":[{"id":743,"href":"https:\/\/harmoniasziget.com\/en\/wp-json\/wp\/v2\/pages\/120\/revisions\/743"}],"wp:attachment":[{"href":"https:\/\/harmoniasziget.com\/en\/wp-json\/wp\/v2\/media?parent=120"}],"curies":[{"name":"wp","href":"https:\/\/api.w.org\/{rel}","templated":true}]}}